{"id":7,"date":"2023-12-07T10:20:52","date_gmt":"2023-12-07T10:20:52","guid":{"rendered":"https:\/\/www.kallioapp.fi\/?page_id=7"},"modified":"2024-03-04T07:15:04","modified_gmt":"2024-03-04T07:15:04","slug":"elementor-7","status":"publish","type":"page","link":"https:\/\/www.kallioapp.fi\/","title":{"rendered":"Etusivu"},"content":{"rendered":"\t\t<div data-elementor-type=\"wp-post\" data-elementor-id=\"7\" class=\"elementor elementor-7\">\n\t\t\t\t<div class=\"elementor-element elementor-element-9e4cf31 e-flex e-con-boxed e-con e-parent\" data-id=\"9e4cf31\" data-element_type=\"container\" data-settings=\"{&quot;background_background&quot;:&quot;gradient&quot;,&quot;position&quot;:&quot;fixed&quot;}\">\n\t\t\t\t\t<div class=\"e-con-inner\">\n\t\t<div class=\"elementor-element elementor-element-0ae8849 e-con-full e-flex e-con e-child\" data-id=\"0ae8849\" data-element_type=\"container\">\n\t\t\t\t<div class=\"elementor-element elementor-element-9121d33 elementor-widget elementor-widget-heading\" data-id=\"9121d33\" data-element_type=\"widget\" data-widget_type=\"heading.default\">\n\t\t\t\t<div class=\"elementor-widget-container\">\n\t\t\t\t\t<h2 class=\"elementor-heading-title elementor-size-default\">Kallio App<\/h2>\t\t\t\t<\/div>\n\t\t\t\t<\/div>\n\t\t\t\t<\/div>\n\t\t<div class=\"elementor-element elementor-element-9679680 e-con-full e-flex e-con e-child\" data-id=\"9679680\" data-element_type=\"container\">\n\t\t\t\t<div class=\"elementor-element elementor-element-8cc29ed elementor-widget elementor-widget-html\" data-id=\"8cc29ed\" data-element_type=\"widget\" data-widget_type=\"html.default\">\n\t\t\t\t<div class=\"elementor-widget-container\">\n\t\t\t\t\t<div class=\"lines\">\n    <div class=\"line line1\"><\/div>\n    <div class=\"line line2\"><\/div>\n    <div class=\"line line3\"><\/div>\n<\/div>\n<ul class=\"customnav\">\n    <li><a href=\"#etusivu\">Etusivu<\/a><\/li>\n    <li><a href=\"#ytimessa\">Ytimess\u00e4<\/a><\/li>\n    <li><a href=\"#palvelut\">Palvelut<\/a><\/li>\n    <li><a href=\"#yhteystiedot\">Yhteystiedot<\/a><\/li>\n<\/ul>\n<link rel=\"stylesheet\" href=\"https:\/\/use.typekit.net\/nil0jjz.css\">\n<script src=\"https:\/\/code.jquery.com\/jquery-3.6.0.min.js\" integrity=\"sha256-\/xUj+3OJU5yExlq6GSYGSHk7tPXikynS7ogEvDej\/m4=\" crossorigin=\"anonymous\"><\/script>\n\n<script>\n    $(document).ready(function() {\n        $(\".lines\").on(\"click\", function() {\n            $(\".customnav\").toggleClass(\"opened\");\n        \n            $(this).toggleClass(\"open\");\n        });\n        $(\".customnav a\").on(\"click\", function() {\n            $(\".lines\").removeClass(\"open\");\n            $(\".customnav\").removeClass(\"opened\");\n        });\n    });\n<\/script>\n\t\t\t\t<\/div>\n\t\t\t\t<\/div>\n\t\t\t\t<\/div>\n\t\t\t\t\t<\/div>\n\t\t\t\t<\/div>\n\t\t<div class=\"elementor-element elementor-element-777d841 e-flex e-con-boxed e-con e-parent\" data-id=\"777d841\" data-element_type=\"container\" id=\"etusivu\" data-settings=\"{&quot;background_background&quot;:&quot;classic&quot;}\">\n\t\t\t\t\t<div class=\"e-con-inner\">\n\t\t<div class=\"elementor-element elementor-element-125127b e-con-full e-flex elementor-invisible e-con e-child\" data-id=\"125127b\" data-element_type=\"container\" data-settings=\"{&quot;animation&quot;:&quot;fadeIn&quot;,&quot;animation_delay&quot;:200}\">\n\t\t\t\t<div class=\"elementor-element elementor-element-487bca5 elementor-widget elementor-widget-heading\" data-id=\"487bca5\" data-element_type=\"widget\" data-widget_type=\"heading.default\">\n\t\t\t\t<div class=\"elementor-widget-container\">\n\t\t\t\t\t<h3 class=\"elementor-heading-title elementor-size-default\">Kallio App<\/h3>\t\t\t\t<\/div>\n\t\t\t\t<\/div>\n\t\t\t\t<div class=\"elementor-element elementor-element-088ddea elementor-widget elementor-widget-heading\" data-id=\"088ddea\" data-element_type=\"widget\" data-widget_type=\"heading.default\">\n\t\t\t\t<div class=\"elementor-widget-container\">\n\t\t\t\t\t<h1 class=\"elementor-heading-title elementor-size-default\">Digitaalisen muutoksen tekij\u00e4<\/h1>\t\t\t\t<\/div>\n\t\t\t\t<\/div>\n\t\t\t\t<div class=\"elementor-element elementor-element-8eb333c elementor-widget elementor-widget-text-editor\" data-id=\"8eb333c\" data-element_type=\"widget\" data-widget_type=\"text-editor.default\">\n\t\t\t\t<div class=\"elementor-widget-container\">\n\t\t\t\t\t\t\t\t\t<p>Kallio App Oy on kunnianhimoinen osaamis-sijoitusyhti\u00f6, jolla on laaja kokemus digitaalisen transformaation toteuttamisessa. Yrityksen syv\u00e4llinen osaaminen, laaja yhteisty\u00f6kumppani verkosto ja kokemus ovat auttaneet kymmeni\u00e4 yrityksi\u00e4 hy\u00f6dynt\u00e4m\u00e4\u00e4n digitaalisen muutoksen liiketoiminnan kehitt\u00e4misess\u00e4 ja kannattavuuden parantamisessa.<\/p>\t\t\t\t\t\t\t\t<\/div>\n\t\t\t\t<\/div>\n\t\t\t\t<\/div>\n\t\t<div class=\"elementor-element elementor-element-a425ebc e-con-full elementor-hidden-tablet elementor-hidden-mobile e-flex e-con e-child\" data-id=\"a425ebc\" data-element_type=\"container\">\n\t\t\t\t<\/div>\n\t\t\t\t\t<\/div>\n\t\t\t\t<\/div>\n\t\t<div class=\"elementor-element elementor-element-528f564 e-flex e-con-boxed e-con e-parent\" data-id=\"528f564\" data-element_type=\"container\" id=\"ytimessa\" data-settings=\"{&quot;background_background&quot;:&quot;classic&quot;}\">\n\t\t\t\t\t<div class=\"e-con-inner\">\n\t\t<div class=\"elementor-element elementor-element-8454743 e-con-full box2 e-flex elementor-invisible e-con e-child\" data-id=\"8454743\" data-element_type=\"container\" data-settings=\"{&quot;animation&quot;:&quot;fadeIn&quot;,&quot;animation_delay&quot;:0,&quot;background_background&quot;:&quot;classic&quot;}\">\n\t\t\t\t<div class=\"elementor-element elementor-element-224a455 elementor-widget elementor-widget-heading\" data-id=\"224a455\" data-element_type=\"widget\" data-widget_type=\"heading.default\">\n\t\t\t\t<div class=\"elementor-widget-container\">\n\t\t\t\t\t<h2 class=\"elementor-heading-title elementor-size-default\">R\u00e4\u00e4t\u00e4l\u00f6idyt digitaaliset ratkaisut<\/h2>\t\t\t\t<\/div>\n\t\t\t\t<\/div>\n\t\t\t\t<div class=\"elementor-element elementor-element-51c7c85 elementor-widget elementor-widget-text-editor\" data-id=\"51c7c85\" data-element_type=\"widget\" data-widget_type=\"text-editor.default\">\n\t\t\t\t<div class=\"elementor-widget-container\">\n\t\t\t\t\t\t\t\t\t<p>Jokainen projekti suunnitellaan yksil\u00f6llisesti asiakkaan tarpeiden mukaisesti, varmistaen, ett\u00e4 digitaalinen transformaatio tukee yrityksen ydinliiketoimintaa.<\/p>\t\t\t\t\t\t\t\t<\/div>\n\t\t\t\t<\/div>\n\t\t\t\t<\/div>\n\t\t<div class=\"elementor-element elementor-element-3961609 e-con-full e-flex e-con e-child\" data-id=\"3961609\" data-element_type=\"container\">\n\t\t\t\t<div class=\"elementor-element elementor-element-bd4ed6b elementor-invisible elementor-widget elementor-widget-heading\" data-id=\"bd4ed6b\" data-element_type=\"widget\" data-settings=\"{&quot;_animation&quot;:&quot;fadeIn&quot;,&quot;_animation_delay&quot;:20}\" data-widget_type=\"heading.default\">\n\t\t\t\t<div class=\"elementor-widget-container\">\n\t\t\t\t\t<h2 class=\"elementor-heading-title elementor-size-default\">Ytimess\u00e4<\/h2>\t\t\t\t<\/div>\n\t\t\t\t<\/div>\n\t\t\t\t<\/div>\n\t\t<div class=\"elementor-element elementor-element-ac83d57 e-con-full box1 e-flex elementor-invisible e-con e-child\" data-id=\"ac83d57\" data-element_type=\"container\" data-settings=\"{&quot;animation&quot;:&quot;fadeIn&quot;,&quot;background_background&quot;:&quot;classic&quot;}\">\n\t\t\t\t<div class=\"elementor-element elementor-element-431484b elementor-widget elementor-widget-heading\" data-id=\"431484b\" data-element_type=\"widget\" data-widget_type=\"heading.default\">\n\t\t\t\t<div class=\"elementor-widget-container\">\n\t\t\t\t\t<h2 class=\"elementor-heading-title elementor-size-default\">Teko\u00e4lyn hy\u00f6dynt\u00e4minen<\/h2>\t\t\t\t<\/div>\n\t\t\t\t<\/div>\n\t\t\t\t<div class=\"elementor-element elementor-element-b581c0b elementor-widget elementor-widget-text-editor\" data-id=\"b581c0b\" data-element_type=\"widget\" data-widget_type=\"text-editor.default\">\n\t\t\t\t<div class=\"elementor-widget-container\">\n\t\t\t\t\t\t\t\t\t<p>Kallio App Oy on erikoistunut teko\u00e4lyn ja koneoppimisen soveltamiseen, tarjoten ratkaisuja, jotka tehostavat ja uudistavat liiketoiminta\u00adprosesseja.&nbsp;<\/p>\t\t\t\t\t\t\t\t<\/div>\n\t\t\t\t<\/div>\n\t\t\t\t<\/div>\n\t\t<div class=\"elementor-element elementor-element-113b578 e-con-full e-flex e-con e-child\" data-id=\"113b578\" data-element_type=\"container\">\n\t\t<div class=\"elementor-element elementor-element-b5e20a4 box3 e-con-full e-flex elementor-invisible e-con e-child\" data-id=\"b5e20a4\" data-element_type=\"container\" data-settings=\"{&quot;background_background&quot;:&quot;classic&quot;,&quot;animation&quot;:&quot;fadeIn&quot;,&quot;animation_delay&quot;:0}\">\n\t\t\t\t<div class=\"elementor-element elementor-element-d452653 elementor-widget elementor-widget-heading\" data-id=\"d452653\" data-element_type=\"widget\" data-widget_type=\"heading.default\">\n\t\t\t\t<div class=\"elementor-widget-container\">\n\t\t\t\t\t<h2 class=\"elementor-heading-title elementor-size-default\">Perusliiketoiminnan tehostaminen<\/h2>\t\t\t\t<\/div>\n\t\t\t\t<\/div>\n\t\t\t\t<\/div>\n\t\t<div class=\"elementor-element elementor-element-dfb250f e-con-full e-flex e-con e-child\" data-id=\"dfb250f\" data-element_type=\"container\">\n\t\t\t\t<div class=\"elementor-element elementor-element-5ec5fbd elementor-widget__width-initial boxhalf elementor-widget-mobile__width-inherit elementor-invisible elementor-widget elementor-widget-heading\" data-id=\"5ec5fbd\" data-element_type=\"widget\" data-settings=\"{&quot;_animation&quot;:&quot;fadeIn&quot;,&quot;_animation_delay&quot;:0}\" data-widget_type=\"heading.default\">\n\t\t\t\t<div class=\"elementor-widget-container\">\n\t\t\t\t\t<h2 class=\"elementor-heading-title elementor-size-default\">Kannattavuuden parantaminen<\/h2>\t\t\t\t<\/div>\n\t\t\t\t<\/div>\n\t\t\t\t<div class=\"elementor-element elementor-element-60e8098 elementor-widget__width-initial boxhalf lastbox elementor-widget-mobile__width-inherit elementor-invisible elementor-widget elementor-widget-heading\" data-id=\"60e8098\" data-element_type=\"widget\" data-settings=\"{&quot;_animation&quot;:&quot;fadeIn&quot;,&quot;_animation_delay&quot;:0}\" data-widget_type=\"heading.default\">\n\t\t\t\t<div class=\"elementor-widget-container\">\n\t\t\t\t\t<h2 class=\"elementor-heading-title elementor-size-default\">Yrityksen arvon kasvattaminen<\/h2>\t\t\t\t<\/div>\n\t\t\t\t<\/div>\n\t\t\t\t<\/div>\n\t\t\t\t<\/div>\n\t\t\t\t\t<\/div>\n\t\t\t\t<\/div>\n\t\t<div class=\"elementor-element elementor-element-65d4b99 e-flex e-con-boxed e-con e-parent\" data-id=\"65d4b99\" data-element_type=\"container\" id=\"palvelut\" data-settings=\"{&quot;background_background&quot;:&quot;classic&quot;}\">\n\t\t\t\t\t<div class=\"e-con-inner\">\n\t\t<div class=\"elementor-element elementor-element-6c1b1b5 e-con-full e-flex elementor-invisible e-con e-child\" data-id=\"6c1b1b5\" data-element_type=\"container\" data-settings=\"{&quot;animation&quot;:&quot;fadeIn&quot;,&quot;animation_delay&quot;:100}\">\n\t\t\t\t<div class=\"elementor-element elementor-element-161ebb2 elementor-widget elementor-widget-heading\" data-id=\"161ebb2\" data-element_type=\"widget\" data-widget_type=\"heading.default\">\n\t\t\t\t<div class=\"elementor-widget-container\">\n\t\t\t\t\t<h2 class=\"elementor-heading-title elementor-size-default\">Palvelut<\/h2>\t\t\t\t<\/div>\n\t\t\t\t<\/div>\n\t\t\t\t<\/div>\n\t\t<div class=\"elementor-element elementor-element-67ce083 e-con-full box1 e-flex elementor-invisible e-con e-child\" data-id=\"67ce083\" data-element_type=\"container\" data-settings=\"{&quot;background_background&quot;:&quot;classic&quot;,&quot;animation&quot;:&quot;fadeIn&quot;,&quot;animation_delay&quot;:0}\">\n\t\t\t\t<div class=\"elementor-element elementor-element-23d622a elementor-widget elementor-widget-heading\" data-id=\"23d622a\" data-element_type=\"widget\" data-widget_type=\"heading.default\">\n\t\t\t\t<div class=\"elementor-widget-container\">\n\t\t\t\t\t<h2 class=\"elementor-heading-title elementor-size-default\">Liiketoiminnan analyysi &amp; strategia<\/h2>\t\t\t\t<\/div>\n\t\t\t\t<\/div>\n\t\t\t\t<div class=\"elementor-element elementor-element-4812161 elementor-widget elementor-widget-text-editor\" data-id=\"4812161\" data-element_type=\"widget\" data-widget_type=\"text-editor.default\">\n\t\t\t\t<div class=\"elementor-widget-container\">\n\t\t\t\t\t\t\t\t\t<p>Syv\u00e4llinen analyysi asiakkaan liiketoiminnasta, jonka pohjalta luodaan kattava digitaalisen transformaation strategia.<\/p>\t\t\t\t\t\t\t\t<\/div>\n\t\t\t\t<\/div>\n\t\t\t\t<\/div>\n\t\t<div class=\"elementor-element elementor-element-b35536b e-con-full box2 e-flex elementor-invisible e-con e-child\" data-id=\"b35536b\" data-element_type=\"container\" data-settings=\"{&quot;background_background&quot;:&quot;classic&quot;,&quot;animation&quot;:&quot;fadeIn&quot;,&quot;animation_delay&quot;:0}\">\n\t\t\t\t<div class=\"elementor-element elementor-element-2d9645f elementor-widget elementor-widget-heading\" data-id=\"2d9645f\" data-element_type=\"widget\" data-widget_type=\"heading.default\">\n\t\t\t\t<div class=\"elementor-widget-container\">\n\t\t\t\t\t<h2 class=\"elementor-heading-title elementor-size-default\">Teknologian integraatio<\/h2>\t\t\t\t<\/div>\n\t\t\t\t<\/div>\n\t\t\t\t<div class=\"elementor-element elementor-element-ee7ca4e elementor-widget elementor-widget-text-editor\" data-id=\"ee7ca4e\" data-element_type=\"widget\" data-widget_type=\"text-editor.default\">\n\t\t\t\t<div class=\"elementor-widget-container\">\n\t\t\t\t\t\t\t\t\t<p>Uusimpien teknologioiden, kuten teko\u00e4lyn, integroiminen osaksi asiakkaan liiketoiminnan keskeisi\u00e4 prosesseja.<\/p>\t\t\t\t\t\t\t\t<\/div>\n\t\t\t\t<\/div>\n\t\t\t\t<\/div>\n\t\t<div class=\"elementor-element elementor-element-af722c1 e-con-full e-flex elementor-invisible e-con e-child\" data-id=\"af722c1\" data-element_type=\"container\" data-settings=\"{&quot;background_background&quot;:&quot;classic&quot;,&quot;animation&quot;:&quot;fadeIn&quot;,&quot;animation_delay&quot;:0}\">\n\t\t\t\t<div class=\"elementor-element elementor-element-c0bae42 elementor-widget elementor-widget-heading\" data-id=\"c0bae42\" data-element_type=\"widget\" data-widget_type=\"heading.default\">\n\t\t\t\t<div class=\"elementor-widget-container\">\n\t\t\t\t\t<h2 class=\"elementor-heading-title elementor-size-default\">Applikaatioiden hy\u00f6dynt\u00e4minen ja toteutus<\/h2>\t\t\t\t<\/div>\n\t\t\t\t<\/div>\n\t\t\t\t<\/div>\n\t\t<div class=\"elementor-element elementor-element-bc16473 e-con-full box3 e-flex elementor-invisible e-con e-child\" data-id=\"bc16473\" data-element_type=\"container\" data-settings=\"{&quot;background_background&quot;:&quot;classic&quot;,&quot;animation&quot;:&quot;fadeIn&quot;,&quot;animation_delay&quot;:0}\">\n\t\t\t\t<div class=\"elementor-element elementor-element-b5549b3 elementor-widget elementor-widget-heading\" data-id=\"b5549b3\" data-element_type=\"widget\" data-widget_type=\"heading.default\">\n\t\t\t\t<div class=\"elementor-widget-container\">\n\t\t\t\t\t<h2 class=\"elementor-heading-title elementor-size-default\">Jatkuva tuki ja kehitys<\/h2>\t\t\t\t<\/div>\n\t\t\t\t<\/div>\n\t\t\t\t<div class=\"elementor-element elementor-element-6d797cc elementor-widget elementor-widget-text-editor\" data-id=\"6d797cc\" data-element_type=\"widget\" data-widget_type=\"text-editor.default\">\n\t\t\t\t<div class=\"elementor-widget-container\">\n\t\t\t\t\t\t\t\t\t<p>Pitk\u00e4aikainen yhteisty\u00f6 asiakkaan kanssa, varmistaen, ett\u00e4 digitaaliset ratkaisut pysyv\u00e4t ajantasaisina ja tuottavat jatkuvaa arvoa.<\/p>\t\t\t\t\t\t\t\t<\/div>\n\t\t\t\t<\/div>\n\t\t\t\t<\/div>\n\t\t\t\t\t<\/div>\n\t\t\t\t<\/div>\n\t\t<div class=\"elementor-element elementor-element-0ad7f24 tavoite e-flex e-con-boxed e-con e-parent\" data-id=\"0ad7f24\" data-element_type=\"container\">\n\t\t\t\t\t<div class=\"e-con-inner\">\n\t\t\t\t<div class=\"elementor-element elementor-element-d45c780 elementor-invisible elementor-widget elementor-widget-heading\" data-id=\"d45c780\" data-element_type=\"widget\" data-settings=\"{&quot;_animation&quot;:&quot;fadeIn&quot;}\" data-widget_type=\"heading.default\">\n\t\t\t\t<div class=\"elementor-widget-container\">\n\t\t\t\t\t<h3 class=\"elementor-heading-title elementor-size-default\">Kallio App<\/h3>\t\t\t\t<\/div>\n\t\t\t\t<\/div>\n\t\t\t\t<div class=\"elementor-element elementor-element-21a3729 elementor-widget__width-initial elementor-invisible elementor-widget elementor-widget-heading\" data-id=\"21a3729\" data-element_type=\"widget\" data-settings=\"{&quot;_animation&quot;:&quot;fadeIn&quot;,&quot;_animation_delay&quot;:0}\" data-widget_type=\"heading.default\">\n\t\t\t\t<div class=\"elementor-widget-container\">\n\t\t\t\t\t<h1 class=\"elementor-heading-title elementor-size-default\">Me Kallio App Oy:ss\u00e4 pyrimme olemaan luotettava kumppani digitaalisessa muutoksessa<\/h1>\t\t\t\t<\/div>\n\t\t\t\t<\/div>\n\t\t\t\t<div class=\"elementor-element elementor-element-58fb305 elementor-widget__width-initial elementor-invisible elementor-widget elementor-widget-text-editor\" data-id=\"58fb305\" data-element_type=\"widget\" data-settings=\"{&quot;_animation&quot;:&quot;fadeIn&quot;,&quot;_animation_delay&quot;:0}\" data-widget_type=\"text-editor.default\">\n\t\t\t\t<div class=\"elementor-widget-container\">\n\t\t\t\t\t\t\t\t\t<p>Tavoitteenamme on auttaa yrityksi\u00e4 kasvamaan ja menestym\u00e4\u00e4n digitalisaation aikakaudella, hy\u00f6dynt\u00e4en teko\u00e4lyn tarjoamia mahdollisuuksia. Olemme sitoutuneet luomaan ratkaisuja, jotka eiv\u00e4t ainoastaan muuta liiketoimintaprosesseja, vaan my\u00f6s edist\u00e4v\u00e4t asiakkaidemme kokonaisvaltaista kasvua ja menestyst\u00e4.<\/p>\t\t\t\t\t\t\t\t<\/div>\n\t\t\t\t<\/div>\n\t\t\t\t\t<\/div>\n\t\t\t\t<\/div>\n\t\t<div class=\"elementor-element elementor-element-fc604d3 e-flex e-con-boxed e-con e-parent\" data-id=\"fc604d3\" data-element_type=\"container\" id=\"yhteystiedot\" data-settings=\"{&quot;background_background&quot;:&quot;classic&quot;}\">\n\t\t\t\t\t<div class=\"e-con-inner\">\n\t\t<div class=\"elementor-element elementor-element-f69811d e-con-full e-flex e-con e-child\" data-id=\"f69811d\" data-element_type=\"container\">\n\t\t\t\t<div class=\"elementor-element elementor-element-e08f181 elementor-invisible elementor-widget elementor-widget-heading\" data-id=\"e08f181\" data-element_type=\"widget\" data-settings=\"{&quot;_animation&quot;:&quot;fadeIn&quot;}\" data-widget_type=\"heading.default\">\n\t\t\t\t<div class=\"elementor-widget-container\">\n\t\t\t\t\t<h2 class=\"elementor-heading-title elementor-size-default\">Yhteys<\/h2>\t\t\t\t<\/div>\n\t\t\t\t<\/div>\n\t\t\t\t<\/div>\n\t\t<div class=\"elementor-element elementor-element-0927bb2 e-con-full e-flex elementor-invisible e-con e-child\" data-id=\"0927bb2\" data-element_type=\"container\" data-settings=\"{&quot;background_background&quot;:&quot;classic&quot;,&quot;animation&quot;:&quot;fadeIn&quot;,&quot;animation_delay&quot;:0}\">\n\t\t\t\t<div class=\"elementor-element elementor-element-590f6c2 elementor-widget elementor-widget-heading\" data-id=\"590f6c2\" data-element_type=\"widget\" data-widget_type=\"heading.default\">\n\t\t\t\t<div class=\"elementor-widget-container\">\n\t\t\t\t\t<h2 class=\"elementor-heading-title elementor-size-default\">Kallio App Oy<\/h2>\t\t\t\t<\/div>\n\t\t\t\t<\/div>\n\t\t\t\t<div class=\"elementor-element elementor-element-96a608f elementor-widget elementor-widget-text-editor\" data-id=\"96a608f\" data-element_type=\"widget\" data-widget_type=\"text-editor.default\">\n\t\t\t\t<div class=\"elementor-widget-container\">\n\t\t\t\t\t\t\t\t\t<p>Eerikinkatu 7, 2.krs<br \/>20100 Turku<\/p>\t\t\t\t\t\t\t\t<\/div>\n\t\t\t\t<\/div>\n\t\t\t\t<\/div>\n\t\t<div class=\"elementor-element elementor-element-6adf16d e-con-full e-flex elementor-invisible e-con e-child\" data-id=\"6adf16d\" data-element_type=\"container\" data-settings=\"{&quot;animation&quot;:&quot;fadeIn&quot;,&quot;animation_delay&quot;:0,&quot;background_background&quot;:&quot;classic&quot;}\">\n\t\t\t\t<div class=\"elementor-element elementor-element-e3f5e93 elementor-widget elementor-widget-heading\" data-id=\"e3f5e93\" data-element_type=\"widget\" data-widget_type=\"heading.default\">\n\t\t\t\t<div class=\"elementor-widget-container\">\n\t\t\t\t\t<h2 class=\"elementor-heading-title elementor-size-default\">Kai Leinonen<\/h2>\t\t\t\t<\/div>\n\t\t\t\t<\/div>\n\t\t\t\t<div class=\"elementor-element elementor-element-eaceed2 elementor-widget elementor-widget-text-editor\" data-id=\"eaceed2\" data-element_type=\"widget\" data-widget_type=\"text-editor.default\">\n\t\t\t\t<div class=\"elementor-widget-container\">\n\t\t\t\t\t\t\t\t\t<p><a href=\"mailto:kai.leinonen@kallioapp.fi\">kai.leinonen@kallioapp.fi<\/a><br \/><a href=\"tel:+358503233054\">050 323 3054<\/a><\/p>\t\t\t\t\t\t\t\t<\/div>\n\t\t\t\t<\/div>\n\t\t\t\t<\/div>\n\t\t\t\t\t<\/div>\n\t\t\t\t<\/div>\n\t\t<div class=\"elementor-element elementor-element-af427af e-flex e-con-boxed e-con e-parent\" data-id=\"af427af\" data-element_type=\"container\">\n\t\t\t\t\t<div class=\"e-con-inner\">\n\t\t\t\t<div class=\"elementor-element elementor-element-dc88ab5 elementor-widget elementor-widget-text-editor\" data-id=\"dc88ab5\" data-element_type=\"widget\" data-widget_type=\"text-editor.default\">\n\t\t\t\t<div class=\"elementor-widget-container\">\n\t\t\t\t\t\t\t\t\t<p><a href=\"http:\/\/www.turunpanttilainaamo.fi\">www.turunpanttilainaamo.fi<\/a><\/p><p><a href=\"http:\/\/www.takuupantti.fi\">www.takuupantti.fi<\/a><\/p>\t\t\t\t\t\t\t\t<\/div>\n\t\t\t\t<\/div>\n\t\t\t\t\t<\/div>\n\t\t\t\t<\/div>\n\t\t\t\t<\/div>\n\t\t","protected":false},"excerpt":{"rendered":"<p>Kallio App Etusivu Ytimess\u00e4 Palvelut Yhteystiedot Kallio App Digitaalisen muutoksen tekij\u00e4 Kallio App Oy on kunnianhimoinen osaamis-sijoitusyhti\u00f6, jolla on laaja kokemus digitaalisen transformaation toteuttamisessa. Yrityksen syv\u00e4llinen osaaminen, laaja yhteisty\u00f6kumppani verkosto ja kokemus ovat auttaneet kymmeni\u00e4 yrityksi\u00e4 hy\u00f6dynt\u00e4m\u00e4\u00e4n digitaalisen muutoksen liiketoiminnan kehitt\u00e4misess\u00e4 ja kannattavuuden parantamisessa. R\u00e4\u00e4t\u00e4l\u00f6idyt digitaaliset ratkaisut Jokainen projekti suunnitellaan yksil\u00f6llisesti asiakkaan tarpeiden mukaisesti, varmistaen, [&hellip;]<\/p>\n","protected":false},"author":1,"featured_media":0,"parent":0,"menu_order":0,"comment_status":"closed","ping_status":"closed","template":"elementor_header_footer","meta":{"footnotes":""},"class_list":["post-7","page","type-page","status-publish","hentry"],"_links":{"self":[{"href":"https:\/\/www.kallioapp.fi\/index.php?rest_route=\/wp\/v2\/pages\/7","targetHints":{"allow":["GET"]}}],"collection":[{"href":"https:\/\/www.kallioapp.fi\/index.php?rest_route=\/wp\/v2\/pages"}],"about":[{"href":"https:\/\/www.kallioapp.fi\/index.php?rest_route=\/wp\/v2\/types\/page"}],"author":[{"embeddable":true,"href":"https:\/\/www.kallioapp.fi\/index.php?rest_route=\/wp\/v2\/users\/1"}],"replies":[{"embeddable":true,"href":"https:\/\/www.kallioapp.fi\/index.php?rest_route=%2Fwp%2Fv2%2Fcomments&post=7"}],"version-history":[{"count":197,"href":"https:\/\/www.kallioapp.fi\/index.php?rest_route=\/wp\/v2\/pages\/7\/revisions"}],"predecessor-version":[{"id":216,"href":"https:\/\/www.kallioapp.fi\/index.php?rest_route=\/wp\/v2\/pages\/7\/revisions\/216"}],"wp:attachment":[{"href":"https:\/\/www.kallioapp.fi\/index.php?rest_route=%2Fwp%2Fv2%2Fmedia&parent=7"}],"curies":[{"name":"wp","href":"https:\/\/api.w.org\/{rel}","templated":true}]}}